{"id":4858,"date":"2025-05-13T15:24:13","date_gmt":"2025-05-13T19:24:13","guid":{"rendered":"https:\/\/purjetski.ca\/?page_id=4858"},"modified":"2025-05-13T15:30:34","modified_gmt":"2025-05-13T19:30:34","slug":"privacy-policy","status":"publish","type":"page","link":"https:\/\/purjetski.ca\/fr\/privacy-policy\/","title":{"rendered":"Politique de confidentialit\u00e9"},"content":{"rendered":"<div data-elementor-type=\"wp-post\" data-elementor-id=\"4858\" class=\"elementor elementor-4858\">\n\t\t\t\t<div class=\"elementor-element elementor-element-846024d e-flex e-con-boxed wpr-particle-no wpr-jarallax-no wpr-parallax-no wpr-sticky-section-no e-con e-parent\" data-id=\"846024d\" data-element_type=\"container\" data-settings=\"{&quot;background_background&quot;:&quot;classic&quot;,&quot;_ha_eqh_enable&quot;:false}\">\n\t\t\t\t\t<div class=\"e-con-inner\">\n\t\t\t\t<div class=\"elementor-element elementor-element-b1dcb8c elementor-widget elementor-widget-heading\" data-id=\"b1dcb8c\" data-element_type=\"widget\" data-widget_type=\"heading.default\">\n\t\t\t\t<div class=\"elementor-widget-container\">\n\t\t\t\t\t<h1 class=\"elementor-heading-title elementor-size-default\">POLITIQUE DE CONFIDENTIALIT\u00c9<\/h1>\t\t\t\t<\/div>\n\t\t\t\t<\/div>\n\t\t\t\t\t<\/div>\n\t\t\t\t<\/div>\n\t\t<div class=\"elementor-element elementor-element-a0e7cdd e-flex e-con-boxed wpr-particle-no wpr-jarallax-no wpr-parallax-no wpr-sticky-section-no e-con e-parent\" data-id=\"a0e7cdd\" data-element_type=\"container\" data-settings=\"{&quot;_ha_eqh_enable&quot;:false}\">\n\t\t\t\t\t<div class=\"e-con-inner\">\n\t\t<div class=\"elementor-element elementor-element-0d5eba2 e-con-full e-flex wpr-particle-no wpr-jarallax-no wpr-parallax-no wpr-sticky-section-no e-con e-child\" data-id=\"0d5eba2\" data-element_type=\"container\" data-settings=\"{&quot;_ha_eqh_enable&quot;:false}\">\n\t\t\t\t<\/div>\n\t\t<div class=\"elementor-element elementor-element-5e8df9e e-con-full e-flex wpr-particle-no wpr-jarallax-no wpr-parallax-no wpr-sticky-section-no e-con e-child\" data-id=\"5e8df9e\" data-element_type=\"container\" data-settings=\"{&quot;background_background&quot;:&quot;classic&quot;,&quot;_ha_eqh_enable&quot;:false}\">\n\t\t\t\t<div class=\"elementor-element elementor-element-53a64dd elementor-widget elementor-widget-heading\" data-id=\"53a64dd\" data-element_type=\"widget\" data-widget_type=\"heading.default\">\n\t\t\t\t<div class=\"elementor-widget-container\">\n\t\t\t\t\t<h2 class=\"elementor-heading-title elementor-size-default\">Notre politique de confidentialit\u00e9<\/h2>\t\t\t\t<\/div>\n\t\t\t\t<\/div>\n\t\t\t\t<div class=\"elementor-element elementor-element-37307dd elementor-widget elementor-widget-text-editor\" data-id=\"37307dd\" data-element_type=\"widget\" data-widget_type=\"text-editor.default\">\n\t\t\t\t<div class=\"elementor-widget-container\">\n\t\t\t\t\t\t\t\t\t<p>Pur Jetski respecte la confidentialit\u00e9 et l'int\u00e9grit\u00e9 des informations que vous fournissez lors de l'utilisation de notre site web et de nos services. Cette politique de confidentialit\u00e9 explique notre politique concernant la collecte, l'utilisation et la divulgation de vos informations personnelles.<\/p><p>Pur Jetski collecte les adresses e-mail des personnes qui nous envoient des messages. Nous ne sommes pas autoris\u00e9s \u00e0 divulguer ces informations personnelles sans votre autorisation \u00e9crite. Cependant, certaines informations collect\u00e9es aupr\u00e8s de vous et vous concernant sont utilis\u00e9es dans le cadre de la fourniture de nos services. Les informations que nous collectons ne sont ni partag\u00e9es, ni vendues, ni lou\u00e9es \u00e0 des tiers parties, sauf dans certaines circonstances, et votre utilisation du service r\u00e9put\u00e9e constitue un consentement valable \u00e0 la divulgation des informations suivantes :<\/p><p><strong>Divulgation :<\/strong><\/p><ol><li>Pur Jetski peut faire appel \u00e0 des prestataires tiers pour vous fournir certains services et partager des informations personnelles avec ces prestataires. Nous exigeons de toute entreprise avec laquelle nous partageons des informations personnelles qu'elle prot\u00e8ge ces donn\u00e9es conform\u00e9ment \u00e0 la pr\u00e9sente politique et qu'elle limite leur utilisation \u00e0 la prestation de services pour Pur Jetski.<\/li><li>Pur Jetski peut divulguer des informations personnelles dans des circonstances particuli\u00e8res, par exemple pour se conformer aux ordonnances judiciaires nous obligeant \u00e0 le faire ou lorsque vos actions violent les conditions d'utilisation.<\/li><li>Nous ne vendons ni ne fournissons d'informations personnelles \u00e0 d'autres soci\u00e9t\u00e9s pour la commercialisation de leurs propres produits ou services.<\/li><\/ol>\t\t\t\t\t\t\t\t<\/div>\n\t\t\t\t<\/div>\n\t\t\t\t<\/div>\n\t\t<div class=\"elementor-element elementor-element-9253358 e-con-full e-flex wpr-particle-no wpr-jarallax-no wpr-parallax-no wpr-sticky-section-no e-con e-child\" data-id=\"9253358\" data-element_type=\"container\" data-settings=\"{&quot;_ha_eqh_enable&quot;:false}\">\n\t\t\t\t<\/div>\n\t\t\t\t\t<\/div>\n\t\t\t\t<\/div>\n\t\t\t\t<\/div>","protected":false},"excerpt":{"rendered":"<p>PRIVACY POLICY Our Privacy Policy Pur Jetski respects the privacy and the integrity of any information that you provide in the use of our website and services. This Privacy Policy explains our policy regarding the collection, use, and disclosure of your personal information. Pur Jetski collects e-mail addresses of people who send us e-mail. We are not allowed to disclose such personal information without your written permission. However, certain information collected from yo and about you is used within the context of providing our services to you. The information we collect is not shared with, sold or rented to others except under certain circumstances and which your use of the ervice is deemed to provide to us a valid consent to disclose the following: Disclosure: Pur Jetski may use third party service providers to provide certain services to you and we may share Personal Information with such service providers. We require any company with which we may share Personal Information to protect that data in a manner consistent with this policy and to limit the use of such Personal Information to the performance of services for Pur Jetski. Pur Jetski may disclose Personal Information under special circumstances, such as to comply with court orders requiring us to do so or when your actions violate the Terms of Service. We do not sell or otherwise provide Personal Information to other companies for the marketing of their own products or services.<\/p>","protected":false},"author":1,"featured_media":0,"parent":0,"menu_order":0,"comment_status":"closed","ping_status":"closed","template":"elementor_header_footer","meta":{"_acf_changed":false,"footnotes":""},"class_list":["post-4858","page","type-page","status-publish","hentry"],"acf":[],"yoast_head":"<!-- This site is optimized with the Yoast SEO plugin v25.3 - https:\/\/yoast.com\/wordpress\/plugins\/seo\/ -->\n<title>Privacy Policy | PurJetSki<\/title>\n<meta name=\"robots\" content=\"index, follow, max-snippet:-1, max-image-preview:large, max-video-preview:-1\" \/>\n<link rel=\"canonical\" href=\"https:\/\/purjetski.ca\/fr\/privacy-policy\/\" \/>\n<meta property=\"og:locale\" content=\"fr_CA\" \/>\n<meta property=\"og:type\" content=\"article\" \/>\n<meta property=\"og:title\" content=\"Privacy Policy | PurJetSki\" \/>\n<meta property=\"og:description\" content=\"PRIVACY POLICY Our Privacy Policy Pur Jetski respects the privacy and the integrity of any information that you provide in the use of our website and services. This Privacy Policy explains our policy regarding the collection, use, and disclosure of your personal information. Pur Jetski collects e-mail addresses of people who send us e-mail. We are not allowed to disclose such personal information without your written permission. However, certain information collected from yo and about you is used within the context of providing our services to you. The information we collect is not shared with, sold or rented to others except under certain circumstances and which your use of the ervice is deemed to provide to us a valid consent to disclose the following: Disclosure: Pur Jetski may use third party service providers to provide certain services to you and we may share Personal Information with such service providers. We require any company with which we may share Personal Information to protect that data in a manner consistent with this policy and to limit the use of such Personal Information to the performance of services for Pur Jetski. Pur Jetski may disclose Personal Information under special circumstances, such as to comply with court orders requiring us to do so or when your actions violate the Terms of Service. We do not sell or otherwise provide Personal Information to other companies for the marketing of their own products or services.\" \/>\n<meta property=\"og:url\" content=\"https:\/\/purjetski.ca\/fr\/privacy-policy\/\" \/>\n<meta property=\"og:site_name\" content=\"PurJetSki\" \/>\n<meta property=\"article:modified_time\" content=\"2025-05-13T19:30:34+00:00\" \/>\n<meta name=\"twitter:card\" content=\"summary_large_image\" \/>\n<meta name=\"twitter:label1\" content=\"Estimation du temps de lecture\" \/>\n\t<meta name=\"twitter:data1\" content=\"1 minute\" \/>\n<script type=\"application\/ld+json\" class=\"yoast-schema-graph\">{\"@context\":\"https:\/\/schema.org\",\"@graph\":[{\"@type\":\"WebPage\",\"@id\":\"https:\/\/purjetski.ca\/privacy-policy\/\",\"url\":\"https:\/\/purjetski.ca\/privacy-policy\/\",\"name\":\"Privacy Policy | PurJetSki\",\"isPartOf\":{\"@id\":\"https:\/\/purjetski.ca\/#website\"},\"datePublished\":\"2025-05-13T19:24:13+00:00\",\"dateModified\":\"2025-05-13T19:30:34+00:00\",\"breadcrumb\":{\"@id\":\"https:\/\/purjetski.ca\/privacy-policy\/#breadcrumb\"},\"inLanguage\":\"fr-CA\",\"potentialAction\":[{\"@type\":\"ReadAction\",\"target\":[\"https:\/\/purjetski.ca\/privacy-policy\/\"]}]},{\"@type\":\"BreadcrumbList\",\"@id\":\"https:\/\/purjetski.ca\/privacy-policy\/#breadcrumb\",\"itemListElement\":[{\"@type\":\"ListItem\",\"position\":1,\"name\":\"Home\",\"item\":\"https:\/\/purjetski.ca\/\"},{\"@type\":\"ListItem\",\"position\":2,\"name\":\"Privacy Policy\"}]},{\"@type\":\"WebSite\",\"@id\":\"https:\/\/purjetski.ca\/#website\",\"url\":\"https:\/\/purjetski.ca\/\",\"name\":\"PurJetSki\",\"description\":\"Jetski and boat rental Montreal - Laval\",\"publisher\":{\"@id\":\"https:\/\/purjetski.ca\/#organization\"},\"potentialAction\":[{\"@type\":\"SearchAction\",\"target\":{\"@type\":\"EntryPoint\",\"urlTemplate\":\"https:\/\/purjetski.ca\/?s={search_term_string}\"},\"query-input\":{\"@type\":\"PropertyValueSpecification\",\"valueRequired\":true,\"valueName\":\"search_term_string\"}}],\"inLanguage\":\"fr-CA\"},{\"@type\":\"Organization\",\"@id\":\"https:\/\/purjetski.ca\/#organization\",\"name\":\"PurJetSki\",\"url\":\"https:\/\/purjetski.ca\/\",\"logo\":{\"@type\":\"ImageObject\",\"inLanguage\":\"fr-CA\",\"@id\":\"https:\/\/purjetski.ca\/#\/schema\/logo\/image\/\",\"url\":\"https:\/\/purjetski.ca\/wp-content\/uploads\/2024\/04\/cropped-seadoo2-removebg-preview-1.png\",\"contentUrl\":\"https:\/\/purjetski.ca\/wp-content\/uploads\/2024\/04\/cropped-seadoo2-removebg-preview-1.png\",\"width\":512,\"height\":512,\"caption\":\"PurJetSki\"},\"image\":{\"@id\":\"https:\/\/purjetski.ca\/#\/schema\/logo\/image\/\"},\"sameAs\":[\"https:\/\/www.instagram.com\/pur.jetski\/\"]}]}<\/script>\n<!-- \/ Yoast SEO plugin. -->","yoast_head_json":{"title":"Privacy Policy | PurJetSki","robots":{"index":"index","follow":"follow","max-snippet":"max-snippet:-1","max-image-preview":"max-image-preview:large","max-video-preview":"max-video-preview:-1"},"canonical":"https:\/\/purjetski.ca\/fr\/privacy-policy\/","og_locale":"fr_CA","og_type":"article","og_title":"Privacy Policy | PurJetSki","og_description":"PRIVACY POLICY Our Privacy Policy Pur Jetski respects the privacy and the integrity of any information that you provide in the use of our website and services. This Privacy Policy explains our policy regarding the collection, use, and disclosure of your personal information. Pur Jetski collects e-mail addresses of people who send us e-mail. We are not allowed to disclose such personal information without your written permission. However, certain information collected from yo and about you is used within the context of providing our services to you. The information we collect is not shared with, sold or rented to others except under certain circumstances and which your use of the ervice is deemed to provide to us a valid consent to disclose the following: Disclosure: Pur Jetski may use third party service providers to provide certain services to you and we may share Personal Information with such service providers. We require any company with which we may share Personal Information to protect that data in a manner consistent with this policy and to limit the use of such Personal Information to the performance of services for Pur Jetski. Pur Jetski may disclose Personal Information under special circumstances, such as to comply with court orders requiring us to do so or when your actions violate the Terms of Service. We do not sell or otherwise provide Personal Information to other companies for the marketing of their own products or services.","og_url":"https:\/\/purjetski.ca\/fr\/privacy-policy\/","og_site_name":"PurJetSki","article_modified_time":"2025-05-13T19:30:34+00:00","twitter_card":"summary_large_image","twitter_misc":{"Estimation du temps de lecture":"1 minute"},"schema":{"@context":"https:\/\/schema.org","@graph":[{"@type":"WebPage","@id":"https:\/\/purjetski.ca\/privacy-policy\/","url":"https:\/\/purjetski.ca\/privacy-policy\/","name":"Privacy Policy | PurJetSki","isPartOf":{"@id":"https:\/\/purjetski.ca\/#website"},"datePublished":"2025-05-13T19:24:13+00:00","dateModified":"2025-05-13T19:30:34+00:00","breadcrumb":{"@id":"https:\/\/purjetski.ca\/privacy-policy\/#breadcrumb"},"inLanguage":"fr-CA","potentialAction":[{"@type":"ReadAction","target":["https:\/\/purjetski.ca\/privacy-policy\/"]}]},{"@type":"BreadcrumbList","@id":"https:\/\/purjetski.ca\/privacy-policy\/#breadcrumb","itemListElement":[{"@type":"ListItem","position":1,"name":"Home","item":"https:\/\/purjetski.ca\/"},{"@type":"ListItem","position":2,"name":"Privacy Policy"}]},{"@type":"WebSite","@id":"https:\/\/purjetski.ca\/#website","url":"https:\/\/purjetski.ca\/","name":"PurJetSki","description":"Jetski and boat rental Montreal - Laval","publisher":{"@id":"https:\/\/purjetski.ca\/#organization"},"potentialAction":[{"@type":"SearchAction","target":{"@type":"EntryPoint","urlTemplate":"https:\/\/purjetski.ca\/?s={search_term_string}"},"query-input":{"@type":"PropertyValueSpecification","valueRequired":true,"valueName":"search_term_string"}}],"inLanguage":"fr-CA"},{"@type":"Organization","@id":"https:\/\/purjetski.ca\/#organization","name":"PurJetSki","url":"https:\/\/purjetski.ca\/","logo":{"@type":"ImageObject","inLanguage":"fr-CA","@id":"https:\/\/purjetski.ca\/#\/schema\/logo\/image\/","url":"https:\/\/purjetski.ca\/wp-content\/uploads\/2024\/04\/cropped-seadoo2-removebg-preview-1.png","contentUrl":"https:\/\/purjetski.ca\/wp-content\/uploads\/2024\/04\/cropped-seadoo2-removebg-preview-1.png","width":512,"height":512,"caption":"PurJetSki"},"image":{"@id":"https:\/\/purjetski.ca\/#\/schema\/logo\/image\/"},"sameAs":["https:\/\/www.instagram.com\/pur.jetski\/"]}]}},"_links":{"self":[{"href":"https:\/\/purjetski.ca\/fr\/wp-json\/wp\/v2\/pages\/4858","targetHints":{"allow":["GET"]}}],"collection":[{"href":"https:\/\/purjetski.ca\/fr\/wp-json\/wp\/v2\/pages"}],"about":[{"href":"https:\/\/purjetski.ca\/fr\/wp-json\/wp\/v2\/types\/page"}],"author":[{"embeddable":true,"href":"https:\/\/purjetski.ca\/fr\/wp-json\/wp\/v2\/users\/1"}],"replies":[{"embeddable":true,"href":"https:\/\/purjetski.ca\/fr\/wp-json\/wp\/v2\/comments?post=4858"}],"version-history":[{"count":5,"href":"https:\/\/purjetski.ca\/fr\/wp-json\/wp\/v2\/pages\/4858\/revisions"}],"predecessor-version":[{"id":4863,"href":"https:\/\/purjetski.ca\/fr\/wp-json\/wp\/v2\/pages\/4858\/revisions\/4863"}],"wp:attachment":[{"href":"https:\/\/purjetski.ca\/fr\/wp-json\/wp\/v2\/media?parent=4858"}],"curies":[{"name":"wp","href":"https:\/\/api.w.org\/{rel}","templated":true}]}}