{"id":4865,"date":"2025-05-13T15:33:51","date_gmt":"2025-05-13T19:33:51","guid":{"rendered":"https:\/\/purjetski.ca\/?page_id=4865"},"modified":"2025-05-13T15:36:09","modified_gmt":"2025-05-13T19:36:09","slug":"cancellation-policy","status":"publish","type":"page","link":"https:\/\/purjetski.ca\/fr\/cancellation-policy\/","title":{"rendered":"Politique d'annulation"},"content":{"rendered":"<div data-elementor-type=\"wp-post\" data-elementor-id=\"4865\" class=\"elementor elementor-4865\">\n\t\t\t\t<div class=\"elementor-element elementor-element-846024d e-flex e-con-boxed wpr-particle-no wpr-jarallax-no wpr-parallax-no wpr-sticky-section-no e-con e-parent\" data-id=\"846024d\" data-element_type=\"container\" data-settings=\"{&quot;background_background&quot;:&quot;classic&quot;,&quot;_ha_eqh_enable&quot;:false}\">\n\t\t\t\t\t<div class=\"e-con-inner\">\n\t\t\t\t<div class=\"elementor-element elementor-element-b1dcb8c elementor-widget elementor-widget-heading\" data-id=\"b1dcb8c\" data-element_type=\"widget\" data-widget_type=\"heading.default\">\n\t\t\t\t<div class=\"elementor-widget-container\">\n\t\t\t\t\t<h1 class=\"elementor-heading-title elementor-size-default\">POLITIQUE D\u2019ANNULATION<\/h1>\t\t\t\t<\/div>\n\t\t\t\t<\/div>\n\t\t\t\t\t<\/div>\n\t\t\t\t<\/div>\n\t\t<div class=\"elementor-element elementor-element-a0e7cdd e-flex e-con-boxed wpr-particle-no wpr-jarallax-no wpr-parallax-no wpr-sticky-section-no e-con e-parent\" data-id=\"a0e7cdd\" data-element_type=\"container\" data-settings=\"{&quot;_ha_eqh_enable&quot;:false}\">\n\t\t\t\t\t<div class=\"e-con-inner\">\n\t\t<div class=\"elementor-element elementor-element-0d5eba2 e-con-full e-flex wpr-particle-no wpr-jarallax-no wpr-parallax-no wpr-sticky-section-no e-con e-child\" data-id=\"0d5eba2\" data-element_type=\"container\" data-settings=\"{&quot;_ha_eqh_enable&quot;:false}\">\n\t\t\t\t<\/div>\n\t\t<div class=\"elementor-element elementor-element-5e8df9e e-con-full e-flex wpr-particle-no wpr-jarallax-no wpr-parallax-no wpr-sticky-section-no e-con e-child\" data-id=\"5e8df9e\" data-element_type=\"container\" data-settings=\"{&quot;background_background&quot;:&quot;classic&quot;,&quot;_ha_eqh_enable&quot;:false}\">\n\t\t\t\t<div class=\"elementor-element elementor-element-53a64dd elementor-widget elementor-widget-heading\" data-id=\"53a64dd\" data-element_type=\"widget\" data-widget_type=\"heading.default\">\n\t\t\t\t<div class=\"elementor-widget-container\">\n\t\t\t\t\t<h2 class=\"elementor-heading-title elementor-size-default\">Notre politique d'annulation<\/h2>\t\t\t\t<\/div>\n\t\t\t\t<\/div>\n\t\t\t\t<div class=\"elementor-element elementor-element-37307dd elementor-widget elementor-widget-text-editor\" data-id=\"37307dd\" data-element_type=\"widget\" data-widget_type=\"text-editor.default\">\n\t\t\t\t<div class=\"elementor-widget-container\">\n\t\t\t\t\t\t\t\t\t<p>En cas d'annulation de moins de 48 heures avant la date et l'heure de location, le locataire ne sera pas rembours\u00e9 des sommes vers\u00e9es.<\/p><p>En cas de mauvais temps, il est toujours possible de reporter la location.<\/p><p><strong>Non-respect des r\u00e8gles<\/strong><\/p><p>En cas de non-respect des r\u00e8gles (exc\u00e8s de vitesse, conduite dangereuse, n\u00e9gligence, etc.), la location sera IMM\u00c9DIATEMENT r\u00e9sili\u00e9e. Le locataire ne sera pas rembours\u00e9 des sommes vers\u00e9es et perdra son d\u00e9p\u00f4t de s\u00e9curit\u00e9.<\/p><p><strong>Arriv\u00e9es tardives<\/strong><\/p><p>Le locataire doit arriver 20 minutes AVANT l'heure de d\u00e9part pr\u00e9vue afin de b\u00e9n\u00e9ficier des explications et du temps de location allou\u00e9. La dur\u00e9e de location ne peut \u00eatre prolong\u00e9e en cas d'arriv\u00e9e tardive.<\/p><p><strong>Retard au retour de la location<\/strong><\/p><p>Des frais de 3 $ par minute de retard seront factur\u00e9s si le locataire retourne l'embarcation en dehors du d\u00e9lai pr\u00e9vu.<\/p>\t\t\t\t\t\t\t\t<\/div>\n\t\t\t\t<\/div>\n\t\t\t\t<\/div>\n\t\t<div class=\"elementor-element elementor-element-9253358 e-con-full e-flex wpr-particle-no wpr-jarallax-no wpr-parallax-no wpr-sticky-section-no e-con e-child\" data-id=\"9253358\" data-element_type=\"container\" data-settings=\"{&quot;_ha_eqh_enable&quot;:false}\">\n\t\t\t\t<\/div>\n\t\t\t\t\t<\/div>\n\t\t\t\t<\/div>\n\t\t\t\t<\/div>","protected":false},"excerpt":{"rendered":"<p>CANCELLATION POLICY Our Cancellation Policy Any cancellation less than 48 hours before the date and time of rental, the renter will not be refunded any amounts previously paid. In the event of bad weather, it is always possible to reschedule. Non-compliance with the Rules In case of non-compliance with the rules, such as speeding, dangerous driving, negligence, etc., the rental will be terminated IMMEDIATELY. The renter will not be refunded any amount previously paid and will lose his \/ her security deposit. Late Arrivals The renter must arrive 20 minutes BEFORE the scheduled departure time in order to benefit from the explanations and the allocated rental time. The rental time cannot be extended in the event of late arrivals. Delay when Returning from the Rental A fee of $3 per minute of delay will be charged if the renter returns the watercraft outside the allotted time.<\/p>","protected":false},"author":1,"featured_media":0,"parent":0,"menu_order":0,"comment_status":"closed","ping_status":"closed","template":"elementor_header_footer","meta":{"_acf_changed":false,"footnotes":""},"class_list":["post-4865","page","type-page","status-publish","hentry"],"acf":[],"yoast_head":"<!-- This site is optimized with the Yoast SEO plugin v25.3 - https:\/\/yoast.com\/wordpress\/plugins\/seo\/ -->\n<title>Cancellation Policy | PurJetSki<\/title>\n<meta name=\"robots\" content=\"index, follow, max-snippet:-1, max-image-preview:large, max-video-preview:-1\" \/>\n<link rel=\"canonical\" href=\"https:\/\/purjetski.ca\/fr\/cancellation-policy\/\" \/>\n<meta property=\"og:locale\" content=\"fr_CA\" \/>\n<meta property=\"og:type\" content=\"article\" \/>\n<meta property=\"og:title\" content=\"Cancellation Policy | PurJetSki\" \/>\n<meta property=\"og:description\" content=\"CANCELLATION POLICY Our Cancellation Policy Any cancellation less than 48 hours before the date and time of rental, the renter will not be refunded any amounts previously paid. In the event of bad weather, it is always possible to reschedule. Non-compliance with the Rules In case of non-compliance with the rules, such as speeding, dangerous driving, negligence, etc., the rental will be terminated IMMEDIATELY. The renter will not be refunded any amount previously paid and will lose his \/ her security deposit. Late Arrivals The renter must arrive 20 minutes BEFORE the scheduled departure time in order to benefit from the explanations and the allocated rental time. The rental time cannot be extended in the event of late arrivals. Delay when Returning from the Rental A fee of $3 per minute of delay will be charged if the renter returns the watercraft outside the allotted time.\" \/>\n<meta property=\"og:url\" content=\"https:\/\/purjetski.ca\/fr\/cancellation-policy\/\" \/>\n<meta property=\"og:site_name\" content=\"PurJetSki\" \/>\n<meta property=\"article:modified_time\" content=\"2025-05-13T19:36:09+00:00\" \/>\n<meta name=\"twitter:card\" content=\"summary_large_image\" \/>\n<meta name=\"twitter:label1\" content=\"Estimation du temps de lecture\" \/>\n\t<meta name=\"twitter:data1\" content=\"1 minute\" \/>\n<script type=\"application\/ld+json\" class=\"yoast-schema-graph\">{\"@context\":\"https:\/\/schema.org\",\"@graph\":[{\"@type\":\"WebPage\",\"@id\":\"https:\/\/purjetski.ca\/cancellation-policy\/\",\"url\":\"https:\/\/purjetski.ca\/cancellation-policy\/\",\"name\":\"Cancellation Policy | PurJetSki\",\"isPartOf\":{\"@id\":\"https:\/\/purjetski.ca\/#website\"},\"datePublished\":\"2025-05-13T19:33:51+00:00\",\"dateModified\":\"2025-05-13T19:36:09+00:00\",\"breadcrumb\":{\"@id\":\"https:\/\/purjetski.ca\/cancellation-policy\/#breadcrumb\"},\"inLanguage\":\"fr-CA\",\"potentialAction\":[{\"@type\":\"ReadAction\",\"target\":[\"https:\/\/purjetski.ca\/cancellation-policy\/\"]}]},{\"@type\":\"BreadcrumbList\",\"@id\":\"https:\/\/purjetski.ca\/cancellation-policy\/#breadcrumb\",\"itemListElement\":[{\"@type\":\"ListItem\",\"position\":1,\"name\":\"Home\",\"item\":\"https:\/\/purjetski.ca\/\"},{\"@type\":\"ListItem\",\"position\":2,\"name\":\"Cancellation Policy\"}]},{\"@type\":\"WebSite\",\"@id\":\"https:\/\/purjetski.ca\/#website\",\"url\":\"https:\/\/purjetski.ca\/\",\"name\":\"PurJetSki\",\"description\":\"Jetski and boat rental Montreal - Laval\",\"publisher\":{\"@id\":\"https:\/\/purjetski.ca\/#organization\"},\"potentialAction\":[{\"@type\":\"SearchAction\",\"target\":{\"@type\":\"EntryPoint\",\"urlTemplate\":\"https:\/\/purjetski.ca\/?s={search_term_string}\"},\"query-input\":{\"@type\":\"PropertyValueSpecification\",\"valueRequired\":true,\"valueName\":\"search_term_string\"}}],\"inLanguage\":\"fr-CA\"},{\"@type\":\"Organization\",\"@id\":\"https:\/\/purjetski.ca\/#organization\",\"name\":\"PurJetSki\",\"url\":\"https:\/\/purjetski.ca\/\",\"logo\":{\"@type\":\"ImageObject\",\"inLanguage\":\"fr-CA\",\"@id\":\"https:\/\/purjetski.ca\/#\/schema\/logo\/image\/\",\"url\":\"https:\/\/purjetski.ca\/wp-content\/uploads\/2024\/04\/cropped-seadoo2-removebg-preview-1.png\",\"contentUrl\":\"https:\/\/purjetski.ca\/wp-content\/uploads\/2024\/04\/cropped-seadoo2-removebg-preview-1.png\",\"width\":512,\"height\":512,\"caption\":\"PurJetSki\"},\"image\":{\"@id\":\"https:\/\/purjetski.ca\/#\/schema\/logo\/image\/\"},\"sameAs\":[\"https:\/\/www.instagram.com\/pur.jetski\/\"]}]}<\/script>\n<!-- \/ Yoast SEO plugin. -->","yoast_head_json":{"title":"Cancellation Policy | PurJetSki","robots":{"index":"index","follow":"follow","max-snippet":"max-snippet:-1","max-image-preview":"max-image-preview:large","max-video-preview":"max-video-preview:-1"},"canonical":"https:\/\/purjetski.ca\/fr\/cancellation-policy\/","og_locale":"fr_CA","og_type":"article","og_title":"Cancellation Policy | PurJetSki","og_description":"CANCELLATION POLICY Our Cancellation Policy Any cancellation less than 48 hours before the date and time of rental, the renter will not be refunded any amounts previously paid. In the event of bad weather, it is always possible to reschedule. Non-compliance with the Rules In case of non-compliance with the rules, such as speeding, dangerous driving, negligence, etc., the rental will be terminated IMMEDIATELY. The renter will not be refunded any amount previously paid and will lose his \/ her security deposit. Late Arrivals The renter must arrive 20 minutes BEFORE the scheduled departure time in order to benefit from the explanations and the allocated rental time. The rental time cannot be extended in the event of late arrivals. Delay when Returning from the Rental A fee of $3 per minute of delay will be charged if the renter returns the watercraft outside the allotted time.","og_url":"https:\/\/purjetski.ca\/fr\/cancellation-policy\/","og_site_name":"PurJetSki","article_modified_time":"2025-05-13T19:36:09+00:00","twitter_card":"summary_large_image","twitter_misc":{"Estimation du temps de lecture":"1 minute"},"schema":{"@context":"https:\/\/schema.org","@graph":[{"@type":"WebPage","@id":"https:\/\/purjetski.ca\/cancellation-policy\/","url":"https:\/\/purjetski.ca\/cancellation-policy\/","name":"Cancellation Policy | PurJetSki","isPartOf":{"@id":"https:\/\/purjetski.ca\/#website"},"datePublished":"2025-05-13T19:33:51+00:00","dateModified":"2025-05-13T19:36:09+00:00","breadcrumb":{"@id":"https:\/\/purjetski.ca\/cancellation-policy\/#breadcrumb"},"inLanguage":"fr-CA","potentialAction":[{"@type":"ReadAction","target":["https:\/\/purjetski.ca\/cancellation-policy\/"]}]},{"@type":"BreadcrumbList","@id":"https:\/\/purjetski.ca\/cancellation-policy\/#breadcrumb","itemListElement":[{"@type":"ListItem","position":1,"name":"Home","item":"https:\/\/purjetski.ca\/"},{"@type":"ListItem","position":2,"name":"Cancellation Policy"}]},{"@type":"WebSite","@id":"https:\/\/purjetski.ca\/#website","url":"https:\/\/purjetski.ca\/","name":"PurJetSki","description":"Jetski and boat rental Montreal - Laval","publisher":{"@id":"https:\/\/purjetski.ca\/#organization"},"potentialAction":[{"@type":"SearchAction","target":{"@type":"EntryPoint","urlTemplate":"https:\/\/purjetski.ca\/?s={search_term_string}"},"query-input":{"@type":"PropertyValueSpecification","valueRequired":true,"valueName":"search_term_string"}}],"inLanguage":"fr-CA"},{"@type":"Organization","@id":"https:\/\/purjetski.ca\/#organization","name":"PurJetSki","url":"https:\/\/purjetski.ca\/","logo":{"@type":"ImageObject","inLanguage":"fr-CA","@id":"https:\/\/purjetski.ca\/#\/schema\/logo\/image\/","url":"https:\/\/purjetski.ca\/wp-content\/uploads\/2024\/04\/cropped-seadoo2-removebg-preview-1.png","contentUrl":"https:\/\/purjetski.ca\/wp-content\/uploads\/2024\/04\/cropped-seadoo2-removebg-preview-1.png","width":512,"height":512,"caption":"PurJetSki"},"image":{"@id":"https:\/\/purjetski.ca\/#\/schema\/logo\/image\/"},"sameAs":["https:\/\/www.instagram.com\/pur.jetski\/"]}]}},"_links":{"self":[{"href":"https:\/\/purjetski.ca\/fr\/wp-json\/wp\/v2\/pages\/4865","targetHints":{"allow":["GET"]}}],"collection":[{"href":"https:\/\/purjetski.ca\/fr\/wp-json\/wp\/v2\/pages"}],"about":[{"href":"https:\/\/purjetski.ca\/fr\/wp-json\/wp\/v2\/types\/page"}],"author":[{"embeddable":true,"href":"https:\/\/purjetski.ca\/fr\/wp-json\/wp\/v2\/users\/1"}],"replies":[{"embeddable":true,"href":"https:\/\/purjetski.ca\/fr\/wp-json\/wp\/v2\/comments?post=4865"}],"version-history":[{"count":7,"href":"https:\/\/purjetski.ca\/fr\/wp-json\/wp\/v2\/pages\/4865\/revisions"}],"predecessor-version":[{"id":4872,"href":"https:\/\/purjetski.ca\/fr\/wp-json\/wp\/v2\/pages\/4865\/revisions\/4872"}],"wp:attachment":[{"href":"https:\/\/purjetski.ca\/fr\/wp-json\/wp\/v2\/media?parent=4865"}],"curies":[{"name":"wp","href":"https:\/\/api.w.org\/{rel}","templated":true}]}}